{"id":82,"date":"2023-02-23T21:39:57","date_gmt":"2023-02-23T21:39:57","guid":{"rendered":"https:\/\/www.locaplante.fr\/?page_id=82"},"modified":"2023-06-10T20:42:06","modified_gmt":"2023-06-10T20:42:06","slug":"test","status":"publish","type":"page","link":"https:\/\/www.locaplante.fr\/?page_id=82","title":{"rendered":"LOCATION DE PLANTES"},"content":{"rendered":"\n<p>Gr\u00e2ce \u00e0 notre expertise, nous vous accompagnerons dans la r\u00e9alisation de vos d\u00e9cors v\u00e9g\u00e9taux. Que vous souhaitez 1 ou 500 plantes, nous nous adaptons \u00e0 tous les types de projets. <\/p>\n\n\n\n<ul>\n<li>Stands<\/li>\n\n\n\n<li>Salons internationaux<\/li>\n\n\n\n<li>Inaugurations \/ assembl\u00e9es g\u00e9n\u00e9rales<\/li>\n\n\n\n<li>Mariages<\/li>\n<\/ul>\n\n\n\n<div class=\"wp-block-columns is-layout-flex wp-container-4\" style=\"border-style:none;border-width:0px;border-radius:0px\">\n<div class=\"wp-block-column is-layout-flow\" style=\"padding-top:0;padding-right:0;padding-bottom:0;padding-left:0\">\n<figure class=\"wp-block-image aligncenter size-full is-resized has-custom-border is-style-rounded\"><img decoding=\"async\" loading=\"lazy\" src=\"https:\/\/www.locaplante.fr\/wp-content\/uploads\/2023\/04\/ARECA-1.jpg\" alt=\"\" class=\"wp-image-353\" style=\"border-radius:100px\" width=\"309\" height=\"412\" srcset=\"https:\/\/www.locaplante.fr\/wp-content\/uploads\/2023\/04\/ARECA-1.jpg 336w, https:\/\/www.locaplante.fr\/wp-content\/uploads\/2023\/04\/ARECA-1-225x300.jpg 225w\" sizes=\"(max-width: 309px) 100vw, 309px\" \/><figcaption class=\"wp-element-caption\">Ar\u00e9ca<\/figcaption><\/figure>\n<\/div>\n\n\n\n<div class=\"wp-block-column is-layout-flow\">\n<figure class=\"wp-block-image aligncenter size-large is-resized has-custom-border is-style-rounded\"><img decoding=\"async\" loading=\"lazy\" src=\"https:\/\/www.locaplante.fr\/wp-content\/uploads\/2023\/04\/IMG_2694-768x1024.jpg\" alt=\"\" class=\"wp-image-360\" style=\"border-radius:100px\" width=\"309\" height=\"411\" srcset=\"https:\/\/www.locaplante.fr\/wp-content\/uploads\/2023\/04\/IMG_2694-768x1024.jpg 768w, https:\/\/www.locaplante.fr\/wp-content\/uploads\/2023\/04\/IMG_2694-225x300.jpg 225w, https:\/\/www.locaplante.fr\/wp-content\/uploads\/2023\/04\/IMG_2694-1152x1536.jpg 1152w, https:\/\/www.locaplante.fr\/wp-content\/uploads\/2023\/04\/IMG_2694-rotated.jpg 1512w\" sizes=\"(max-width: 309px) 100vw, 309px\" \/><figcaption class=\"wp-element-caption\">Ficus Benjamina Touffe<\/figcaption><\/figure>\n<\/div>\n\n\n\n<div class=\"wp-block-column is-layout-flow\" style=\"padding-top:0;padding-right:0;padding-bottom:0;padding-left:0\">\n<figure class=\"wp-block-image aligncenter size-large is-resized has-custom-border is-style-rounded\"><img decoding=\"async\" loading=\"lazy\" src=\"https:\/\/www.locaplante.fr\/wp-content\/uploads\/2023\/04\/FB2-1-791x1024.jpg\" alt=\"\" class=\"wp-image-361\" style=\"border-radius:100px\" width=\"317\" height=\"410\" srcset=\"https:\/\/www.locaplante.fr\/wp-content\/uploads\/2023\/04\/FB2-1-791x1024.jpg 791w, https:\/\/www.locaplante.fr\/wp-content\/uploads\/2023\/04\/FB2-1-232x300.jpg 232w, https:\/\/www.locaplante.fr\/wp-content\/uploads\/2023\/04\/FB2-1-768x994.jpg 768w, https:\/\/www.locaplante.fr\/wp-content\/uploads\/2023\/04\/FB2-1.jpg 812w\" sizes=\"(max-width: 317px) 100vw, 317px\" \/><figcaption class=\"wp-element-caption\">Ficus Benjamina Tige<\/figcaption><\/figure>\n<\/div>\n<\/div>\n\n\n\n<div class=\"wp-block-columns is-layout-flex wp-container-8\">\n<div class=\"wp-block-column is-layout-flow\">\n<figure class=\"wp-block-image aligncenter size-large is-resized has-custom-border is-style-rounded\"><img decoding=\"async\" loading=\"lazy\" src=\"https:\/\/www.locaplante.fr\/wp-content\/uploads\/2023\/04\/SCH1-1-805x1024.jpg\" alt=\"\" class=\"wp-image-365\" style=\"border-radius:100px\" width=\"278\" height=\"353\" srcset=\"https:\/\/www.locaplante.fr\/wp-content\/uploads\/2023\/04\/SCH1-1-805x1024.jpg 805w, https:\/\/www.locaplante.fr\/wp-content\/uploads\/2023\/04\/SCH1-1-236x300.jpg 236w, https:\/\/www.locaplante.fr\/wp-content\/uploads\/2023\/04\/SCH1-1-768x977.jpg 768w, https:\/\/www.locaplante.fr\/wp-content\/uploads\/2023\/04\/SCH1-1.jpg 818w\" sizes=\"(max-width: 278px) 100vw, 278px\" \/><figcaption class=\"wp-element-caption\">Schefflera<\/figcaption><\/figure>\n<\/div>\n\n\n\n<div class=\"wp-block-column is-layout-flow\">\n<figure class=\"wp-block-image aligncenter size-full is-resized has-custom-border is-style-rounded\"><img decoding=\"async\" loading=\"lazy\" src=\"https:\/\/www.locaplante.fr\/wp-content\/uploads\/2023\/04\/KENTIA-2-1.jpg\" alt=\"\" class=\"wp-image-367\" style=\"border-radius:100px\" width=\"345\" height=\"343\" srcset=\"https:\/\/www.locaplante.fr\/wp-content\/uploads\/2023\/04\/KENTIA-2-1.jpg 846w, https:\/\/www.locaplante.fr\/wp-content\/uploads\/2023\/04\/KENTIA-2-1-150x150.jpg 150w, https:\/\/www.locaplante.fr\/wp-content\/uploads\/2023\/04\/KENTIA-2-1-768x765.jpg 768w\" sizes=\"(max-width: 345px) 100vw, 345px\" \/><figcaption class=\"wp-element-caption\">Kentia<\/figcaption><\/figure>\n<\/div>\n\n\n\n<div class=\"wp-block-column is-layout-flow\">\n<figure class=\"wp-block-image aligncenter size-large is-resized has-custom-border\"><img decoding=\"async\" loading=\"lazy\" src=\"https:\/\/www.locaplante.fr\/wp-content\/uploads\/2023\/04\/PHOENIX-768x1024.jpg\" alt=\"\" class=\"wp-image-369\" style=\"border-radius:100px\" width=\"253\" height=\"337\" srcset=\"https:\/\/www.locaplante.fr\/wp-content\/uploads\/2023\/04\/PHOENIX-768x1023.jpg 768w, https:\/\/www.locaplante.fr\/wp-content\/uploads\/2023\/04\/PHOENIX-225x300.jpg 225w, https:\/\/www.locaplante.fr\/wp-content\/uploads\/2023\/04\/PHOENIX.jpg 800w\" sizes=\"(max-width: 253px) 100vw, 253px\" \/><figcaption class=\"wp-element-caption\">Phoenix Roebelenii<\/figcaption><\/figure>\n<\/div>\n<\/div>\n\n\n\n<div class=\"wp-block-columns is-layout-flex wp-container-12\">\n<div class=\"wp-block-column is-layout-flow\">\n<figure class=\"wp-block-image aligncenter size-full is-resized has-custom-border\"><img decoding=\"async\" loading=\"lazy\" src=\"https:\/\/www.locaplante.fr\/wp-content\/uploads\/2023\/04\/BAM2-1.jpg\" alt=\"\" class=\"wp-image-373\" style=\"border-radius:100px\" width=\"238\" height=\"412\" srcset=\"https:\/\/www.locaplante.fr\/wp-content\/uploads\/2023\/04\/BAM2-1.jpg 263w, https:\/\/www.locaplante.fr\/wp-content\/uploads\/2023\/04\/BAM2-1-174x300.jpg 174w\" sizes=\"(max-width: 238px) 100vw, 238px\" \/><figcaption class=\"wp-element-caption\">Bambou<\/figcaption><\/figure>\n<\/div>\n\n\n\n<div class=\"wp-block-column is-layout-flow\">\n<figure class=\"wp-block-image aligncenter size-large is-resized has-custom-border\"><img decoding=\"async\" loading=\"lazy\" src=\"https:\/\/www.locaplante.fr\/wp-content\/uploads\/2023\/04\/LAURIER-PYRAMIDE-4-490x1024.jpg\" alt=\"\" class=\"wp-image-375\" style=\"border-radius:100px\" width=\"195\" height=\"408\" srcset=\"https:\/\/www.locaplante.fr\/wp-content\/uploads\/2023\/04\/LAURIER-PYRAMIDE-4-490x1024.jpg 490w, https:\/\/www.locaplante.fr\/wp-content\/uploads\/2023\/04\/LAURIER-PYRAMIDE-4-144x300.jpg 144w, https:\/\/www.locaplante.fr\/wp-content\/uploads\/2023\/04\/LAURIER-PYRAMIDE-4-768x1604.jpg 768w, https:\/\/www.locaplante.fr\/wp-content\/uploads\/2023\/04\/LAURIER-PYRAMIDE-4-735x1536.jpg 735w, https:\/\/www.locaplante.fr\/wp-content\/uploads\/2023\/04\/LAURIER-PYRAMIDE-4.jpg 825w\" sizes=\"(max-width: 195px) 100vw, 195px\" \/><figcaption class=\"wp-element-caption\">Laurier<\/figcaption><\/figure>\n<\/div>\n\n\n\n<div class=\"wp-block-column is-layout-flow\">\n<figure class=\"wp-block-image aligncenter size-full is-resized has-custom-border is-style-rounded\"><img decoding=\"async\" loading=\"lazy\" src=\"https:\/\/www.locaplante.fr\/wp-content\/uploads\/2023\/04\/OLIVIER.jpg\" alt=\"\" class=\"wp-image-376\" style=\"border-radius:100px\" width=\"247\" height=\"403\" srcset=\"https:\/\/www.locaplante.fr\/wp-content\/uploads\/2023\/04\/OLIVIER.jpg 276w, https:\/\/www.locaplante.fr\/wp-content\/uploads\/2023\/04\/OLIVIER-184x300.jpg 184w\" sizes=\"(max-width: 247px) 100vw, 247px\" \/><figcaption class=\"wp-element-caption\">Olivier<\/figcaption><\/figure>\n<\/div>\n<\/div>\n\n\n\n<div class=\"wp-block-columns is-layout-flex wp-container-16\">\n<div class=\"wp-block-column is-layout-flow\">\n<figure class=\"wp-block-image aligncenter size-large has-custom-border\"><img decoding=\"async\" loading=\"lazy\" width=\"771\" height=\"1024\" src=\"https:\/\/www.locaplante.fr\/wp-content\/uploads\/2023\/04\/FORME-CARRE-45-771x1024.jpg\" alt=\"\" class=\"wp-image-377\" style=\"border-radius:100px\" srcset=\"https:\/\/www.locaplante.fr\/wp-content\/uploads\/2023\/04\/FORME-CARRE-45-771x1024.jpg 771w, https:\/\/www.locaplante.fr\/wp-content\/uploads\/2023\/04\/FORME-CARRE-45-226x300.jpg 226w, https:\/\/www.locaplante.fr\/wp-content\/uploads\/2023\/04\/FORME-CARRE-45-768x1020.jpg 768w, https:\/\/www.locaplante.fr\/wp-content\/uploads\/2023\/04\/FORME-CARRE-45.jpg 922w\" sizes=\"(max-width: 771px) 100vw, 771px\" \/><figcaption class=\"wp-element-caption\">Bacs fleuris<\/figcaption><\/figure>\n<\/div>\n\n\n\n<div class=\"wp-block-column is-layout-flow\">\n<figure class=\"wp-block-image aligncenter size-full is-resized has-custom-border\"><img decoding=\"async\" loading=\"lazy\" src=\"https:\/\/www.locaplante.fr\/wp-content\/uploads\/2023\/04\/ORCHIDEE.jpg\" alt=\"\" class=\"wp-image-378\" style=\"border-radius:100px\" width=\"278\" height=\"448\" srcset=\"https:\/\/www.locaplante.fr\/wp-content\/uploads\/2023\/04\/ORCHIDEE.jpg 227w, https:\/\/www.locaplante.fr\/wp-content\/uploads\/2023\/04\/ORCHIDEE-186x300.jpg 186w\" sizes=\"(max-width: 278px) 100vw, 278px\" \/><figcaption class=\"wp-element-caption\">Orchid\u00e9e<\/figcaption><\/figure>\n<\/div>\n\n\n\n<div class=\"wp-block-column is-layout-flow\">\n<figure class=\"wp-block-image aligncenter size-full is-resized has-custom-border\"><img decoding=\"async\" loading=\"lazy\" src=\"https:\/\/www.locaplante.fr\/wp-content\/uploads\/2023\/04\/COUPE-BUREAU.jpg\" alt=\"\" class=\"wp-image-379\" style=\"border-radius:100px\" width=\"318\" height=\"436\" srcset=\"https:\/\/www.locaplante.fr\/wp-content\/uploads\/2023\/04\/COUPE-BUREAU.jpg 237w, https:\/\/www.locaplante.fr\/wp-content\/uploads\/2023\/04\/COUPE-BUREAU-219x300.jpg 219w\" sizes=\"(max-width: 318px) 100vw, 318px\" \/><figcaption class=\"wp-element-caption\">Compositions florales<\/figcaption><\/figure>\n<\/div>\n<\/div>\n\n\n\n<figure class=\"wp-block-image\"><img alt=\"\"\/><\/figure>\n","protected":false},"excerpt":{"rendered":"<p>Gr\u00e2ce \u00e0 notre expertise, nous vous accompagnerons dans la r\u00e9alisation de vos d\u00e9cors v\u00e9g\u00e9taux. Que vous souhaitez 1 ou 500 plantes, nous nous adaptons \u00e0 tous les types de projets.<\/p>\n","protected":false},"author":1,"featured_media":298,"parent":0,"menu_order":1,"comment_status":"closed","ping_status":"closed","template":"","meta":{"site-sidebar-layout":"default","site-content-layout":"default","ast-global-header-display":"","ast-main-header-display":"","ast-hfb-above-header-display":"","ast-hfb-below-header-display":"","ast-hfb-mobile-header-display":"","site-post-title":"","ast-breadcrumbs-content":"","ast-featured-img":"","footer-sml-layout":"","theme-transparent-header-meta":"","adv-header-id-meta":"","stick-header-meta":"","header-above-stick-meta":"","header-main-stick-meta":"","header-below-stick-meta":""},"yoast_head":"<!-- This site is optimized with the Yoast SEO plugin v20.8 - https:\/\/yoast.com\/wordpress\/plugins\/seo\/ -->\n<title>LOCATION DE PLANTES - LOCAPLANTE<\/title>\n<meta name=\"description\" content=\"Location de plantes pour les salons, mariages, congr\u00e8s sur Rennes, Saint-Malo, Vannes, Saint-Brieuc, Laval, Angers.\" \/>\n<meta name=\"robots\" content=\"index, follow, max-snippet:-1, max-image-preview:large, max-video-preview:-1\" \/>\n<link rel=\"canonical\" href=\"https:\/\/www.locaplante.fr\/?page_id=82\" \/>\n<meta property=\"og:locale\" content=\"en_US\" \/>\n<meta property=\"og:type\" content=\"article\" \/>\n<meta property=\"og:title\" content=\"LOCATION DE PLANTES - LOCAPLANTE\" \/>\n<meta property=\"og:description\" content=\"Location de plantes pour les salons, mariages, congr\u00e8s sur Rennes, Saint-Malo, Vannes, Saint-Brieuc, Laval, Angers.\" \/>\n<meta property=\"og:url\" content=\"https:\/\/www.locaplante.fr\/?page_id=82\" \/>\n<meta property=\"og:site_name\" content=\"LOCAPLANTE\" \/>\n<meta property=\"article:modified_time\" content=\"2023-06-10T20:42:06+00:00\" \/>\n<meta property=\"og:image\" content=\"https:\/\/www.locaplante.fr\/wp-content\/uploads\/2023\/02\/cropped-plantes-plantes-pour-tous-1-edited.webp\" \/>\n\t<meta property=\"og:image:width\" content=\"1950\" \/>\n\t<meta property=\"og:image:height\" content=\"1150\" \/>\n\t<meta property=\"og:image:type\" content=\"image\/webp\" \/>\n<meta name=\"twitter:card\" content=\"summary_large_image\" \/>\n<script type=\"application\/ld+json\" class=\"yoast-schema-graph\">{\"@context\":\"https:\/\/schema.org\",\"@graph\":[{\"@type\":\"WebPage\",\"@id\":\"https:\/\/www.locaplante.fr\/?page_id=82\",\"url\":\"https:\/\/www.locaplante.fr\/?page_id=82\",\"name\":\"LOCATION DE PLANTES - LOCAPLANTE\",\"isPartOf\":{\"@id\":\"https:\/\/www.locaplante.fr\/#website\"},\"datePublished\":\"2023-02-23T21:39:57+00:00\",\"dateModified\":\"2023-06-10T20:42:06+00:00\",\"description\":\"Location de plantes pour les salons, mariages, congr\u00e8s sur Rennes, Saint-Malo, Vannes, Saint-Brieuc, Laval, Angers.\",\"breadcrumb\":{\"@id\":\"https:\/\/www.locaplante.fr\/?page_id=82#breadcrumb\"},\"inLanguage\":\"en-US\",\"potentialAction\":[{\"@type\":\"ReadAction\",\"target\":[\"https:\/\/www.locaplante.fr\/?page_id=82\"]}]},{\"@type\":\"BreadcrumbList\",\"@id\":\"https:\/\/www.locaplante.fr\/?page_id=82#breadcrumb\",\"itemListElement\":[{\"@type\":\"ListItem\",\"position\":1,\"name\":\"Home\",\"item\":\"https:\/\/www.locaplante.fr\/\"},{\"@type\":\"ListItem\",\"position\":2,\"name\":\"LOCATION DE PLANTES\"}]},{\"@type\":\"WebSite\",\"@id\":\"https:\/\/www.locaplante.fr\/#website\",\"url\":\"https:\/\/www.locaplante.fr\/\",\"name\":\"LOCAPLANTE\",\"description\":\"\",\"publisher\":{\"@id\":\"https:\/\/www.locaplante.fr\/#organization\"},\"potentialAction\":[{\"@type\":\"SearchAction\",\"target\":{\"@type\":\"EntryPoint\",\"urlTemplate\":\"https:\/\/www.locaplante.fr\/?s={search_term_string}\"},\"query-input\":\"required name=search_term_string\"}],\"inLanguage\":\"en-US\"},{\"@type\":\"Organization\",\"@id\":\"https:\/\/www.locaplante.fr\/#organization\",\"name\":\"LOCAPLANTE\",\"url\":\"https:\/\/www.locaplante.fr\/\",\"logo\":{\"@type\":\"ImageObject\",\"inLanguage\":\"en-US\",\"@id\":\"https:\/\/www.locaplante.fr\/#\/schema\/logo\/image\/\",\"url\":\"https:\/\/www.locaplante.fr\/wp-content\/uploads\/2023\/06\/cropped-logo-couleur.png\",\"contentUrl\":\"https:\/\/www.locaplante.fr\/wp-content\/uploads\/2023\/06\/cropped-logo-couleur.png\",\"width\":537,\"height\":254,\"caption\":\"LOCAPLANTE\"},\"image\":{\"@id\":\"https:\/\/www.locaplante.fr\/#\/schema\/logo\/image\/\"}}]}<\/script>\n<!-- \/ Yoast SEO plugin. -->","yoast_head_json":{"title":"LOCATION DE PLANTES - LOCAPLANTE","description":"Location de plantes pour les salons, mariages, congr\u00e8s sur Rennes, Saint-Malo, Vannes, Saint-Brieuc, Laval, Angers.","robots":{"index":"index","follow":"follow","max-snippet":"max-snippet:-1","max-image-preview":"max-image-preview:large","max-video-preview":"max-video-preview:-1"},"canonical":"https:\/\/www.locaplante.fr\/?page_id=82","og_locale":"en_US","og_type":"article","og_title":"LOCATION DE PLANTES - LOCAPLANTE","og_description":"Location de plantes pour les salons, mariages, congr\u00e8s sur Rennes, Saint-Malo, Vannes, Saint-Brieuc, Laval, Angers.","og_url":"https:\/\/www.locaplante.fr\/?page_id=82","og_site_name":"LOCAPLANTE","article_modified_time":"2023-06-10T20:42:06+00:00","og_image":[{"width":1950,"height":1150,"url":"https:\/\/www.locaplante.fr\/wp-content\/uploads\/2023\/02\/cropped-plantes-plantes-pour-tous-1-edited.webp","type":"image\/webp"}],"twitter_card":"summary_large_image","schema":{"@context":"https:\/\/schema.org","@graph":[{"@type":"WebPage","@id":"https:\/\/www.locaplante.fr\/?page_id=82","url":"https:\/\/www.locaplante.fr\/?page_id=82","name":"LOCATION DE PLANTES - LOCAPLANTE","isPartOf":{"@id":"https:\/\/www.locaplante.fr\/#website"},"datePublished":"2023-02-23T21:39:57+00:00","dateModified":"2023-06-10T20:42:06+00:00","description":"Location de plantes pour les salons, mariages, congr\u00e8s sur Rennes, Saint-Malo, Vannes, Saint-Brieuc, Laval, Angers.","breadcrumb":{"@id":"https:\/\/www.locaplante.fr\/?page_id=82#breadcrumb"},"inLanguage":"en-US","potentialAction":[{"@type":"ReadAction","target":["https:\/\/www.locaplante.fr\/?page_id=82"]}]},{"@type":"BreadcrumbList","@id":"https:\/\/www.locaplante.fr\/?page_id=82#breadcrumb","itemListElement":[{"@type":"ListItem","position":1,"name":"Home","item":"https:\/\/www.locaplante.fr\/"},{"@type":"ListItem","position":2,"name":"LOCATION DE PLANTES"}]},{"@type":"WebSite","@id":"https:\/\/www.locaplante.fr\/#website","url":"https:\/\/www.locaplante.fr\/","name":"LOCAPLANTE","description":"","publisher":{"@id":"https:\/\/www.locaplante.fr\/#organization"},"potentialAction":[{"@type":"SearchAction","target":{"@type":"EntryPoint","urlTemplate":"https:\/\/www.locaplante.fr\/?s={search_term_string}"},"query-input":"required name=search_term_string"}],"inLanguage":"en-US"},{"@type":"Organization","@id":"https:\/\/www.locaplante.fr\/#organization","name":"LOCAPLANTE","url":"https:\/\/www.locaplante.fr\/","logo":{"@type":"ImageObject","inLanguage":"en-US","@id":"https:\/\/www.locaplante.fr\/#\/schema\/logo\/image\/","url":"https:\/\/www.locaplante.fr\/wp-content\/uploads\/2023\/06\/cropped-logo-couleur.png","contentUrl":"https:\/\/www.locaplante.fr\/wp-content\/uploads\/2023\/06\/cropped-logo-couleur.png","width":537,"height":254,"caption":"LOCAPLANTE"},"image":{"@id":"https:\/\/www.locaplante.fr\/#\/schema\/logo\/image\/"}}]}},"_links":{"self":[{"href":"https:\/\/www.locaplante.fr\/index.php?rest_route=\/wp\/v2\/pages\/82"}],"collection":[{"href":"https:\/\/www.locaplante.fr\/index.php?rest_route=\/wp\/v2\/pages"}],"about":[{"href":"https:\/\/www.locaplante.fr\/index.php?rest_route=\/wp\/v2\/types\/page"}],"author":[{"embeddable":true,"href":"https:\/\/www.locaplante.fr\/index.php?rest_route=\/wp\/v2\/users\/1"}],"replies":[{"embeddable":true,"href":"https:\/\/www.locaplante.fr\/index.php?rest_route=%2Fwp%2Fv2%2Fcomments&post=82"}],"version-history":[{"count":35,"href":"https:\/\/www.locaplante.fr\/index.php?rest_route=\/wp\/v2\/pages\/82\/revisions"}],"predecessor-version":[{"id":551,"href":"https:\/\/www.locaplante.fr\/index.php?rest_route=\/wp\/v2\/pages\/82\/revisions\/551"}],"wp:featuredmedia":[{"embeddable":true,"href":"https:\/\/www.locaplante.fr\/index.php?rest_route=\/wp\/v2\/media\/298"}],"wp:attachment":[{"href":"https:\/\/www.locaplante.fr\/index.php?rest_route=%2Fwp%2Fv2%2Fmedia&parent=82"}],"curies":[{"name":"wp","href":"https:\/\/api.w.org\/{rel}","templated":true}]}}