{"id":37,"date":"2023-02-23T21:17:19","date_gmt":"2023-02-23T21:17:19","guid":{"rendered":"https:\/\/www.locaplante.fr\/hugo-wp\/"},"modified":"2023-06-15T05:44:56","modified_gmt":"2023-06-15T05:44:56","slug":"location-de-plantes-pour-vos-evenements-sur-rennes","status":"publish","type":"page","link":"https:\/\/www.locaplante.fr\/","title":{"rendered":"SPECIALISTE DE LA LOCATION DE PLANTE"},"content":{"rendered":"\n<div class=\"wp-block-columns is-layout-flex wp-container-3\">\n<div class=\"wp-block-column is-layout-flow\" style=\"flex-basis:500px\">\n<p>Locaplante est une entreprise sp\u00e9cialis\u00e9e dans la location et l&#8217;entretien de plantes dans le grand ouest. Gr\u00e2ce \u00e0 notre large de gamme de plantes, nous vous accompagnons dans la cr\u00e9ation de vos d\u00e9cors et l&#8217;am\u00e9nagement de vos espaces : <br><br>&#8211; stands \/ salons<br>&#8211; mariages<br>&#8211; assembl\u00e9es<br>&#8211; expositions &#8230;<\/p>\n<\/div>\n\n\n\n<div class=\"wp-block-column is-layout-flow\">\n<figure class=\"wp-block-image size-large has-custom-border\"><img decoding=\"async\" loading=\"lazy\" width=\"1024\" height=\"580\" src=\"https:\/\/www.locaplante.fr\/wp-content\/uploads\/2023\/04\/ESPACE-REPOS-1024x580.jpg\" alt=\"Location de plantes sur Rennes pour \u00e9v\u00e8nements, salon\" class=\"wp-image-384\" style=\"border-radius:30px\" srcset=\"https:\/\/www.locaplante.fr\/wp-content\/uploads\/2023\/04\/ESPACE-REPOS-1024x580.jpg 1024w, https:\/\/www.locaplante.fr\/wp-content\/uploads\/2023\/04\/ESPACE-REPOS-300x170.jpg 300w, https:\/\/www.locaplante.fr\/wp-content\/uploads\/2023\/04\/ESPACE-REPOS-768x435.jpg 768w, https:\/\/www.locaplante.fr\/wp-content\/uploads\/2023\/04\/ESPACE-REPOS-1536x870.jpg 1536w, https:\/\/www.locaplante.fr\/wp-content\/uploads\/2023\/04\/ESPACE-REPOS.jpg 1698w\" sizes=\"(max-width: 1024px) 100vw, 1024px\" \/><\/figure>\n<\/div>\n<\/div>\n\n\n\n<p><\/p>\n\n\n\n<div class=\"wp-block-columns is-layout-flex wp-container-6\">\n<div class=\"wp-block-column is-layout-flow\">\n<figure class=\"wp-block-image size-full has-custom-border\"><img decoding=\"async\" loading=\"lazy\" width=\"911\" height=\"585\" src=\"https:\/\/www.locaplante.fr\/wp-content\/uploads\/2023\/04\/Carte.jpg\" alt=\"\" class=\"wp-image-387\" style=\"border-radius:30px\" srcset=\"https:\/\/www.locaplante.fr\/wp-content\/uploads\/2023\/04\/Carte.jpg 911w, https:\/\/www.locaplante.fr\/wp-content\/uploads\/2023\/04\/Carte-300x193.jpg 300w, https:\/\/www.locaplante.fr\/wp-content\/uploads\/2023\/04\/Carte-768x493.jpg 768w\" sizes=\"(max-width: 911px) 100vw, 911px\" \/><\/figure>\n<\/div>\n\n\n\n<div class=\"wp-block-column is-layout-flow\">\n<p>Bas\u00e9 \u00e0 Janz\u00e9 (35), nous intervenons sur Rennes mais aussi dans le grand ouest, Vannes, Saint-Brieuc, Saint-Malo, Laval ou encore Angers<\/p>\n<\/div>\n<\/div>\n\n\n\n<h2 class=\"wp-block-heading\"><\/h2>\n\n\n\n<div class=\"wp-block-buttons alignwide is-content-justification-center is-layout-flex wp-container-7\">\n<div class=\"wp-block-button\"><a class=\"wp-block-button__link has-text-align-center wp-element-button\" href=\"https:\/\/www.locaplante.fr\/?page_id=195\">Contactez nous<\/a><\/div>\n<\/div>\n\n\n\n<ul class=\"wp-block-social-links aligncenter is-layout-flex\"><li class=\"wp-social-link wp-social-link-facebook wp-block-social-link\"><a href=\"https:\/\/www.facebook.com\/profile.php?id=100093823864239\" class=\"wp-block-social-link-anchor\"><svg width=\"24\" height=\"24\" viewBox=\"0 0 24 24\" version=\"1.1\" xmlns=\"http:\/\/www.w3.org\/2000\/svg\" aria-hidden=\"true\" focusable=\"false\"><path d=\"M12 2C6.5 2 2 6.5 2 12c0 5 3.7 9.1 8.4 9.9v-7H7.9V12h2.5V9.8c0-2.5 1.5-3.9 3.8-3.9 1.1 0 2.2.2 2.2.2v2.5h-1.3c-1.2 0-1.6.8-1.6 1.6V12h2.8l-.4 2.9h-2.3v7C18.3 21.1 22 17 22 12c0-5.5-4.5-10-10-10z\"><\/path><\/svg><span class=\"wp-block-social-link-label screen-reader-text\">Facebook<\/span><\/a><\/li><\/ul>\n","protected":false},"excerpt":{"rendered":"<p>Locaplante est une entreprise sp\u00e9cialis\u00e9e dans la location et l&#8217;entretien de plantes dans le grand ouest. Gr\u00e2ce \u00e0 notre large de gamme de plantes, nous vous accompagnons dans la cr\u00e9ation de vos d\u00e9cors et l&#8217;am\u00e9nagement de vos espaces : &#8211; stands \/ salons&#8211; mariages&#8211; assembl\u00e9es&#8211; expositions &#8230; Bas\u00e9 \u00e0 Janz\u00e9 (35), nous intervenons sur Rennes &hellip;<\/p>\n<p class=\"read-more\"> <a class=\"\" href=\"https:\/\/www.locaplante.fr\/\"> <span class=\"screen-reader-text\">SPECIALISTE DE LA LOCATION DE PLANTE<\/span> Read More &raquo;<\/a><\/p>\n","protected":false},"author":1,"featured_media":298,"parent":0,"menu_order":0,"comment_status":"closed","ping_status":"closed","template":"","meta":{"site-sidebar-layout":"default","site-content-layout":"default","ast-global-header-display":"","ast-main-header-display":"","ast-hfb-above-header-display":"","ast-hfb-below-header-display":"","ast-hfb-mobile-header-display":"","site-post-title":"","ast-breadcrumbs-content":"","ast-featured-img":"disabled","footer-sml-layout":"","theme-transparent-header-meta":"","adv-header-id-meta":"","stick-header-meta":"","header-above-stick-meta":"","header-main-stick-meta":"","header-below-stick-meta":""},"yoast_head":"<!-- This site is optimized with the Yoast SEO plugin v20.8 - https:\/\/yoast.com\/wordpress\/plugins\/seo\/ -->\n<title>Location de plantes pour vos \u00e9v\u00e8nements sur Rennes<\/title>\n<meta name=\"description\" content=\"Location et entretien de plantes pour salons, mariages, congr\u00e8s sur Rennes, Saint-Malo, Laval, Vannes, Saint-Brieuc.\" \/>\n<meta name=\"robots\" content=\"index, follow, max-snippet:-1, max-image-preview:large, max-video-preview:-1\" \/>\n<link rel=\"canonical\" href=\"https:\/\/www.locaplante.fr\/\" \/>\n<meta property=\"og:locale\" content=\"en_US\" \/>\n<meta property=\"og:type\" content=\"article\" \/>\n<meta property=\"og:title\" content=\"Location de plantes pour vos \u00e9v\u00e8nements sur Rennes\" \/>\n<meta property=\"og:description\" content=\"Location et entretien de plantes pour salons, mariages, congr\u00e8s sur Rennes, Saint-Malo, Laval, Vannes, Saint-Brieuc.\" \/>\n<meta property=\"og:url\" content=\"https:\/\/www.locaplante.fr\/\" \/>\n<meta property=\"og:site_name\" content=\"LOCAPLANTE\" \/>\n<meta property=\"article:modified_time\" content=\"2023-06-15T05:44:56+00:00\" \/>\n<meta property=\"og:image\" content=\"https:\/\/www.locaplante.fr\/wp-content\/uploads\/2023\/02\/cropped-plantes-plantes-pour-tous-1-edited.webp\" \/>\n\t<meta property=\"og:image:width\" content=\"1950\" \/>\n\t<meta property=\"og:image:height\" content=\"1150\" \/>\n\t<meta property=\"og:image:type\" content=\"image\/webp\" \/>\n<meta name=\"twitter:card\" content=\"summary_large_image\" \/>\n<meta name=\"twitter:label1\" content=\"Est. reading time\" \/>\n\t<meta name=\"twitter:data1\" content=\"1 minute\" \/>\n<script type=\"application\/ld+json\" class=\"yoast-schema-graph\">{\"@context\":\"https:\/\/schema.org\",\"@graph\":[{\"@type\":\"WebPage\",\"@id\":\"https:\/\/www.locaplante.fr\/\",\"url\":\"https:\/\/www.locaplante.fr\/\",\"name\":\"Location de plantes pour vos \u00e9v\u00e8nements sur Rennes\",\"isPartOf\":{\"@id\":\"https:\/\/www.locaplante.fr\/#website\"},\"datePublished\":\"2023-02-23T21:17:19+00:00\",\"dateModified\":\"2023-06-15T05:44:56+00:00\",\"description\":\"Location et entretien de plantes pour salons, mariages, congr\u00e8s sur Rennes, Saint-Malo, Laval, Vannes, Saint-Brieuc.\",\"breadcrumb\":{\"@id\":\"https:\/\/www.locaplante.fr\/#breadcrumb\"},\"inLanguage\":\"en-US\",\"potentialAction\":[{\"@type\":\"ReadAction\",\"target\":[\"https:\/\/www.locaplante.fr\/\"]}]},{\"@type\":\"BreadcrumbList\",\"@id\":\"https:\/\/www.locaplante.fr\/#breadcrumb\",\"itemListElement\":[{\"@type\":\"ListItem\",\"position\":1,\"name\":\"Home\",\"item\":\"https:\/\/www.locaplante.fr\/\"},{\"@type\":\"ListItem\",\"position\":2,\"name\":\"SPECIALISTE DE LA LOCATION DE PLANTE\"}]},{\"@type\":\"WebSite\",\"@id\":\"https:\/\/www.locaplante.fr\/#website\",\"url\":\"https:\/\/www.locaplante.fr\/\",\"name\":\"LOCAPLANTE\",\"description\":\"\",\"publisher\":{\"@id\":\"https:\/\/www.locaplante.fr\/#organization\"},\"potentialAction\":[{\"@type\":\"SearchAction\",\"target\":{\"@type\":\"EntryPoint\",\"urlTemplate\":\"https:\/\/www.locaplante.fr\/?s={search_term_string}\"},\"query-input\":\"required name=search_term_string\"}],\"inLanguage\":\"en-US\"},{\"@type\":\"Organization\",\"@id\":\"https:\/\/www.locaplante.fr\/#organization\",\"name\":\"LOCAPLANTE\",\"url\":\"https:\/\/www.locaplante.fr\/\",\"logo\":{\"@type\":\"ImageObject\",\"inLanguage\":\"en-US\",\"@id\":\"https:\/\/www.locaplante.fr\/#\/schema\/logo\/image\/\",\"url\":\"https:\/\/www.locaplante.fr\/wp-content\/uploads\/2023\/06\/cropped-logo-couleur.png\",\"contentUrl\":\"https:\/\/www.locaplante.fr\/wp-content\/uploads\/2023\/06\/cropped-logo-couleur.png\",\"width\":537,\"height\":254,\"caption\":\"LOCAPLANTE\"},\"image\":{\"@id\":\"https:\/\/www.locaplante.fr\/#\/schema\/logo\/image\/\"}}]}<\/script>\n<!-- \/ Yoast SEO plugin. -->","yoast_head_json":{"title":"Location de plantes pour vos \u00e9v\u00e8nements sur Rennes","description":"Location et entretien de plantes pour salons, mariages, congr\u00e8s sur Rennes, Saint-Malo, Laval, Vannes, Saint-Brieuc.","robots":{"index":"index","follow":"follow","max-snippet":"max-snippet:-1","max-image-preview":"max-image-preview:large","max-video-preview":"max-video-preview:-1"},"canonical":"https:\/\/www.locaplante.fr\/","og_locale":"en_US","og_type":"article","og_title":"Location de plantes pour vos \u00e9v\u00e8nements sur Rennes","og_description":"Location et entretien de plantes pour salons, mariages, congr\u00e8s sur Rennes, Saint-Malo, Laval, Vannes, Saint-Brieuc.","og_url":"https:\/\/www.locaplante.fr\/","og_site_name":"LOCAPLANTE","article_modified_time":"2023-06-15T05:44:56+00:00","og_image":[{"width":1950,"height":1150,"url":"https:\/\/www.locaplante.fr\/wp-content\/uploads\/2023\/02\/cropped-plantes-plantes-pour-tous-1-edited.webp","type":"image\/webp"}],"twitter_card":"summary_large_image","twitter_misc":{"Est. reading time":"1 minute"},"schema":{"@context":"https:\/\/schema.org","@graph":[{"@type":"WebPage","@id":"https:\/\/www.locaplante.fr\/","url":"https:\/\/www.locaplante.fr\/","name":"Location de plantes pour vos \u00e9v\u00e8nements sur Rennes","isPartOf":{"@id":"https:\/\/www.locaplante.fr\/#website"},"datePublished":"2023-02-23T21:17:19+00:00","dateModified":"2023-06-15T05:44:56+00:00","description":"Location et entretien de plantes pour salons, mariages, congr\u00e8s sur Rennes, Saint-Malo, Laval, Vannes, Saint-Brieuc.","breadcrumb":{"@id":"https:\/\/www.locaplante.fr\/#breadcrumb"},"inLanguage":"en-US","potentialAction":[{"@type":"ReadAction","target":["https:\/\/www.locaplante.fr\/"]}]},{"@type":"BreadcrumbList","@id":"https:\/\/www.locaplante.fr\/#breadcrumb","itemListElement":[{"@type":"ListItem","position":1,"name":"Home","item":"https:\/\/www.locaplante.fr\/"},{"@type":"ListItem","position":2,"name":"SPECIALISTE DE LA LOCATION DE PLANTE"}]},{"@type":"WebSite","@id":"https:\/\/www.locaplante.fr\/#website","url":"https:\/\/www.locaplante.fr\/","name":"LOCAPLANTE","description":"","publisher":{"@id":"https:\/\/www.locaplante.fr\/#organization"},"potentialAction":[{"@type":"SearchAction","target":{"@type":"EntryPoint","urlTemplate":"https:\/\/www.locaplante.fr\/?s={search_term_string}"},"query-input":"required name=search_term_string"}],"inLanguage":"en-US"},{"@type":"Organization","@id":"https:\/\/www.locaplante.fr\/#organization","name":"LOCAPLANTE","url":"https:\/\/www.locaplante.fr\/","logo":{"@type":"ImageObject","inLanguage":"en-US","@id":"https:\/\/www.locaplante.fr\/#\/schema\/logo\/image\/","url":"https:\/\/www.locaplante.fr\/wp-content\/uploads\/2023\/06\/cropped-logo-couleur.png","contentUrl":"https:\/\/www.locaplante.fr\/wp-content\/uploads\/2023\/06\/cropped-logo-couleur.png","width":537,"height":254,"caption":"LOCAPLANTE"},"image":{"@id":"https:\/\/www.locaplante.fr\/#\/schema\/logo\/image\/"}}]}},"_links":{"self":[{"href":"https:\/\/www.locaplante.fr\/index.php?rest_route=\/wp\/v2\/pages\/37"}],"collection":[{"href":"https:\/\/www.locaplante.fr\/index.php?rest_route=\/wp\/v2\/pages"}],"about":[{"href":"https:\/\/www.locaplante.fr\/index.php?rest_route=\/wp\/v2\/types\/page"}],"author":[{"embeddable":true,"href":"https:\/\/www.locaplante.fr\/index.php?rest_route=\/wp\/v2\/users\/1"}],"replies":[{"embeddable":true,"href":"https:\/\/www.locaplante.fr\/index.php?rest_route=%2Fwp%2Fv2%2Fcomments&post=37"}],"version-history":[{"count":22,"href":"https:\/\/www.locaplante.fr\/index.php?rest_route=\/wp\/v2\/pages\/37\/revisions"}],"predecessor-version":[{"id":564,"href":"https:\/\/www.locaplante.fr\/index.php?rest_route=\/wp\/v2\/pages\/37\/revisions\/564"}],"wp:featuredmedia":[{"embeddable":true,"href":"https:\/\/www.locaplante.fr\/index.php?rest_route=\/wp\/v2\/media\/298"}],"wp:attachment":[{"href":"https:\/\/www.locaplante.fr\/index.php?rest_route=%2Fwp%2Fv2%2Fmedia&parent=37"}],"curies":[{"name":"wp","href":"https:\/\/api.w.org\/{rel}","templated":true}]}}